{"id":376,"date":"2025-11-11T11:43:43","date_gmt":"2025-11-11T11:43:43","guid":{"rendered":"https:\/\/only-honey.com\/?page_id=376"},"modified":"2025-11-13T07:30:09","modified_gmt":"2025-11-13T07:30:09","slug":"retourbeleid","status":"publish","type":"page","link":"https:\/\/only-honey.com\/fr\/retourbeleid\/","title":{"rendered":"Politique de retour"},"content":{"rendered":"<div data-elementor-type=\"wp-page\" data-elementor-id=\"376\" class=\"elementor elementor-376\" data-elementor-post-type=\"page\">\n\t\t\t\t<div class=\"elementor-element elementor-element-e6d00f1 e-flex e-con-boxed e-con e-parent\" data-id=\"e6d00f1\" data-element_type=\"container\" data-e-type=\"container\">\n\t\t\t\t\t<div class=\"e-con-inner\">\n\t\t\t\t<div class=\"elementor-element elementor-element-577f8a5 elementor-widget elementor-widget-woocommerce-breadcrumb\" data-id=\"577f8a5\" data-element_type=\"widget\" data-e-type=\"widget\" data-widget_type=\"woocommerce-breadcrumb.default\">\n\t\t\t\t\t<nav class=\"woocommerce-breadcrumb\" aria-label=\"chapelure\">Page d'accueil<\/nav>\t\t\t\t<\/div>\n\t\t\t\t\t<\/div>\n\t\t\t\t<\/div>\n\t\t<div class=\"elementor-element elementor-element-4c21d90 e-flex e-con-boxed e-con e-parent\" data-id=\"4c21d90\" data-element_type=\"container\" data-e-type=\"container\">\n\t\t\t\t\t<div class=\"e-con-inner\">\n\t\t\t\t<div class=\"elementor-element elementor-element-a449be9 elementor-widget elementor-widget-heading\" data-id=\"a449be9\" data-element_type=\"widget\" data-e-type=\"widget\" data-widget_type=\"heading.default\">\n\t\t\t\t\t<h2 class=\"elementor-heading-title elementor-size-default\">Politique de retour<\/h2>\t\t\t\t<\/div>\n\t\t\t\t<div class=\"elementor-element elementor-element-219024d elementor-widget elementor-widget-text-editor\" data-id=\"219024d\" data-element_type=\"widget\" data-e-type=\"widget\" data-widget_type=\"text-editor.default\">\n\t\t\t\t\t\t\t\t\t<p data-start=\"322\" data-end=\"496\">Chez Only Honey, nous nous effor\u00e7ons de vous offrir des produits \u00e0 base de miel de la plus haute qualit\u00e9. Toutefois, si votre achat ne vous donne pas enti\u00e8re satisfaction, veuillez consulter notre politique de retour ci-dessous.<\/p><p data-start=\"498\" data-end=\"703\"><strong data-start=\"498\" data-end=\"521\">1. Droit de r\u00e9tractation<\/strong><br data-start=\"521\" data-end=\"524\" \/>Vous avez le droit de recevoir votre commande dans un d\u00e9lai imparti. <strong data-start=\"566\" data-end=\"578\">14 jours<\/strong> Vous pouvez annuler votre commande d\u00e8s r\u00e9ception, sans motif. Apr\u00e8s annulation, vous disposez de 14 jours suppl\u00e9mentaires pour retourner le produit.<\/p><p data-start=\"705\" data-end=\"949\"><strong data-start=\"705\" data-end=\"726\">2. Exceptions<\/strong><br data-start=\"726\" data-end=\"729\" \/>Parce que le miel <strong data-start=\"746\" data-end=\"764\">nourriture<\/strong> est, les bocaux ouverts ou endommag\u00e9s peuvent <strong data-start=\"807\" data-end=\"836\">ne pas retourner<\/strong> Pour des raisons d'hygi\u00e8ne et de s\u00e9curit\u00e9, seuls les emballages d'origine non ouverts peuvent \u00eatre retourn\u00e9s.<\/p><p data-start=\"951\" data-end=\"975\"><strong data-start=\"951\" data-end=\"973\">3. Proc\u00e9dure de retour<\/strong><\/p><ul data-start=\"976\" data-end=\"1298\"><li data-start=\"976\" data-end=\"1069\"><p data-start=\"978\" data-end=\"1069\">Envoyer un courriel \u00e0 <strong data-start=\"1000\" data-end=\"1026\"><a class=\"decorated-link cursor-pointer\" rel=\"noopener\" data-start=\"1002\" data-end=\"1024\">support@only-honey.com<\/a><\/strong> avec votre num\u00e9ro de commande et le motif du retour.<\/p><\/li><li data-start=\"1070\" data-end=\"1121\"><p data-start=\"1072\" data-end=\"1121\">Veuillez attendre notre confirmation et les instructions de retour.<\/p><\/li><li data-start=\"1122\" data-end=\"1179\"><p data-start=\"1124\" data-end=\"1179\">Retournez le produit dans son emballage d'origine.<\/p><\/li><li data-start=\"1180\" data-end=\"1298\"><p data-start=\"1182\" data-end=\"1298\">Les frais de retour sont \u00e0 la charge du client, sauf si le produit est endommag\u00e9 ou a \u00e9t\u00e9 livr\u00e9 par erreur.<\/p><\/li><\/ul><p data-start=\"1300\" data-end=\"1469\"><strong data-start=\"1300\" data-end=\"1320\">4. Remboursement<\/strong><br data-start=\"1320\" data-end=\"1323\" \/>Apr\u00e8s r\u00e9ception et inspection du produit retourn\u00e9, le montant sera rembours\u00e9 dans un d\u00e9lai d\u00e9termin\u00e9. <strong data-start=\"1403\" data-end=\"1418\">5 jours ouvrables<\/strong> Rembours\u00e9 via le mode de paiement initial.<\/p><p data-start=\"1471\" data-end=\"1571\"><strong data-start=\"1471\" data-end=\"1485\">5. Contact<\/strong><br data-start=\"1485\" data-end=\"1488\" \/>Pour toute question ou r\u00e9clamation, vous pouvez contacter\u00a0:<br data-start=\"1539\" data-end=\"1542\" \/>\ud83d\udce7 <strong data-start=\"1545\" data-end=\"1571\"><a class=\"decorated-link cursor-pointer\" rel=\"noopener\" data-start=\"1547\" data-end=\"1569\">support@only-honey.com<\/a><\/strong><\/p>\t\t\t\t\t\t\t\t<\/div>\n\t\t\t\t\t<\/div>\n\t\t\t\t<\/div>\n\t\t\t\t<\/div>","protected":false},"excerpt":{"rendered":"<p>Bij Only Honey streven we naar de hoogste kwaliteit van onze honingproducten. Mocht je echter niet helemaal tevreden zijn met je aankoop, lees dan hieronder ons retourbeleid. 1. HerroepingsrechtJe hebt het recht om je bestelling binnen 14 dagen na ontvangst te annuleren, zonder opgave van reden. Na annulering heb je nogmaals 14 dagen om het [&hellip;]<\/p>\n","protected":false},"author":1,"featured_media":0,"parent":0,"menu_order":0,"comment_status":"closed","ping_status":"closed","template":"elementor_header_footer","meta":{"footnotes":""},"class_list":["post-376","page","type-page","status-publish","hentry"],"_links":{"self":[{"href":"https:\/\/only-honey.com\/fr\/wp-json\/wp\/v2\/pages\/376","targetHints":{"allow":["GET"]}}],"collection":[{"href":"https:\/\/only-honey.com\/fr\/wp-json\/wp\/v2\/pages"}],"about":[{"href":"https:\/\/only-honey.com\/fr\/wp-json\/wp\/v2\/types\/page"}],"author":[{"embeddable":true,"href":"https:\/\/only-honey.com\/fr\/wp-json\/wp\/v2\/users\/1"}],"replies":[{"embeddable":true,"href":"https:\/\/only-honey.com\/fr\/wp-json\/wp\/v2\/comments?post=376"}],"version-history":[{"count":0,"href":"https:\/\/only-honey.com\/fr\/wp-json\/wp\/v2\/pages\/376\/revisions"}],"wp:attachment":[{"href":"https:\/\/only-honey.com\/fr\/wp-json\/wp\/v2\/media?parent=376"}],"curies":[{"name":"wp","href":"https:\/\/api.w.org\/{rel}","templated":true}]}}