{"id":371,"date":"2025-11-11T11:43:32","date_gmt":"2025-11-11T11:43:32","guid":{"rendered":"https:\/\/only-honey.com\/?page_id=371"},"modified":"2025-11-13T07:40:04","modified_gmt":"2025-11-13T07:40:04","slug":"cookiebeleid","status":"publish","type":"page","link":"https:\/\/only-honey.com\/fr\/cookiebeleid\/","title":{"rendered":"Politique en mati\u00e8re de cookies"},"content":{"rendered":"<div data-elementor-type=\"wp-page\" data-elementor-id=\"371\" class=\"elementor elementor-371\" data-elementor-post-type=\"page\">\n\t\t\t\t<div class=\"elementor-element elementor-element-5613006 e-flex e-con-boxed e-con e-parent\" data-id=\"5613006\" data-element_type=\"container\" data-e-type=\"container\">\n\t\t\t\t\t<div class=\"e-con-inner\">\n\t\t\t\t<div class=\"elementor-element elementor-element-ccc4a53 elementor-widget elementor-widget-woocommerce-breadcrumb\" data-id=\"ccc4a53\" data-element_type=\"widget\" data-e-type=\"widget\" data-widget_type=\"woocommerce-breadcrumb.default\">\n\t\t\t\t\t<nav class=\"woocommerce-breadcrumb\" aria-label=\"chapelure\">Page d'accueil<\/nav>\t\t\t\t<\/div>\n\t\t\t\t\t<\/div>\n\t\t\t\t<\/div>\n\t\t<div class=\"elementor-element elementor-element-bd5ea56 e-flex e-con-boxed e-con e-parent\" data-id=\"bd5ea56\" data-element_type=\"container\" data-e-type=\"container\">\n\t\t\t\t\t<div class=\"e-con-inner\">\n\t\t\t\t<div class=\"elementor-element elementor-element-d2f0280 elementor-widget elementor-widget-heading\" data-id=\"d2f0280\" data-element_type=\"widget\" data-e-type=\"widget\" data-widget_type=\"heading.default\">\n\t\t\t\t\t<h2 class=\"elementor-heading-title elementor-size-default\">Politique en mati\u00e8re de cookies<\/h2>\t\t\t\t<\/div>\n\t\t\t\t<div class=\"elementor-element elementor-element-7278be3 elementor-widget elementor-widget-text-editor\" data-id=\"7278be3\" data-element_type=\"widget\" data-e-type=\"widget\" data-widget_type=\"text-editor.default\">\n\t\t\t\t\t\t\t\t\t<p data-start=\"188\" data-end=\"388\">Abeille <strong data-start=\"192\" data-end=\"206\">Seulement Miel<\/strong> Nous utilisons des cookies pour am\u00e9liorer votre exp\u00e9rience sur notre site web. Dans cette politique, nous expliquons ce que sont les cookies, les types que nous utilisons et comment vous pouvez g\u00e9rer vos pr\u00e9f\u00e9rences.<\/p><h4 data-start=\"395\" data-end=\"426\"><strong data-start=\"400\" data-end=\"424\">1. Que sont les cookies ?<\/strong><\/h4><p data-start=\"427\" data-end=\"677\">Les cookies sont de petits fichiers texte d\u00e9pos\u00e9s sur votre appareil lorsque vous visitez notre site web. Ils nous permettent d'assurer le bon fonctionnement du site, de m\u00e9moriser vos pr\u00e9f\u00e9rences et d'analyser la fa\u00e7on dont les visiteurs utilisent notre site.<\/p><h4 data-start=\"684\" data-end=\"729\"><strong data-start=\"689\" data-end=\"729\">2. Types de cookies que nous utilisons<\/strong><\/h4><p data-start=\"731\" data-end=\"953\"><strong data-start=\"731\" data-end=\"759\">a. Cookies n\u00e9cessaires<\/strong><br data-start=\"759\" data-end=\"762\" \/>Ces cookies sont indispensables au bon fonctionnement du site web. Ils garantissent le bon fonctionnement de fonctions essentielles telles que le panier d'achat, la page de paiement et les connexions s\u00e9curis\u00e9es.<\/p><p data-start=\"955\" data-end=\"1101\"><strong data-start=\"955\" data-end=\"981\">b. Cookies fonctionnels<\/strong><br data-start=\"981\" data-end=\"984\" \/>Ces cookies m\u00e9morisent vos pr\u00e9f\u00e9rences, telles que vos param\u00e8tres de langue ou votre statut de connexion, afin de faciliter votre visite.<\/p><p data-start=\"1103\" data-end=\"1331\"><strong data-start=\"1103\" data-end=\"1129\">c. Cookies analytiques<\/strong><br data-start=\"1129\" data-end=\"1132\" \/>Gr\u00e2ce \u00e0 ces cookies, nous pouvons analyser l'utilisation de notre site web via des outils tels que <strong data-start=\"1215\" data-end=\"1235\">Google Analytics<\/strong>Ainsi, nous comprenons mieux comment les visiteurs utilisent notre site et pouvons am\u00e9liorer leur exp\u00e9rience.<\/p><p data-start=\"1333\" data-end=\"1537\"><strong data-start=\"1333\" data-end=\"1356\">d. Cookies marketing<\/strong><br data-start=\"1356\" data-end=\"1359\" \/>Ces cookies nous permettent de vous proposer des offres et des publicit\u00e9s pertinentes, aussi bien sur notre site web que sur les sites de nos partenaires. Ils ne sont d\u00e9pos\u00e9s qu'avec votre consentement.<\/p><h4 data-start=\"1544\" data-end=\"1580\"><strong data-start=\"1549\" data-end=\"1580\">3. Consentement relatif aux cookies<\/strong><\/h4><p data-start=\"1581\" data-end=\"1807\">Lors de votre premi\u00e8re visite sur notre site web, vous recevrez un <strong data-start=\"1632\" data-end=\"1648\">banni\u00e8re de cookies<\/strong> Pour consulter ces informations, vous pouvez choisir les cookies que vous souhaitez accepter ou refuser. Vous pouvez modifier vos pr\u00e9f\u00e9rences ult\u00e9rieurement dans les param\u00e8tres de votre navigateur.<\/p><h4 data-start=\"1814\" data-end=\"1856\"><strong data-start=\"1819\" data-end=\"1856\">4. G\u00e9rer ou supprimer les cookies<\/strong><\/h4><p data-start=\"1857\" data-end=\"2071\">Vous pouvez supprimer ou bloquer les cookies \u00e0 tout moment via les param\u00e8tres de votre navigateur internet. Veuillez noter que certaines parties du site web pourraient ne pas fonctionner correctement si vous d\u00e9sactivez tous les cookies.<\/p><h4 data-start=\"2078\" data-end=\"2097\"><strong data-start=\"2083\" data-end=\"2097\">5. Contact<\/strong><\/h4><p data-start=\"2098\" data-end=\"2202\">Vous avez des questions concernant notre politique en mati\u00e8re de cookies\u00a0? N\u2019h\u00e9sitez pas \u00e0 nous contacter via\u00a0:<br data-start=\"2170\" data-end=\"2173\" \/>\ud83d\udce7 <strong data-start=\"2176\" data-end=\"2202\"><a class=\"decorated-link cursor-pointer\" rel=\"noopener\" data-start=\"2178\" data-end=\"2200\">confidentialit\u00e9@only-honey.com<\/a><\/strong><\/p>\t\t\t\t\t\t\t\t<\/div>\n\t\t\t\t\t<\/div>\n\t\t\t\t<\/div>\n\t\t\t\t<\/div>","protected":false},"excerpt":{"rendered":"<p>Bij Only Honey gebruiken we cookies om jouw ervaring op onze website te verbeteren. In dit beleid leggen we uit wat cookies zijn, welke soorten we gebruiken en hoe je jouw voorkeuren kunt beheren. 1. Wat zijn cookies? Cookies zijn kleine tekstbestanden die op jouw apparaat worden geplaatst wanneer je onze website bezoekt. Ze helpen [&hellip;]<\/p>\n","protected":false},"author":1,"featured_media":0,"parent":0,"menu_order":0,"comment_status":"closed","ping_status":"closed","template":"elementor_header_footer","meta":{"footnotes":""},"class_list":["post-371","page","type-page","status-publish","hentry"],"_links":{"self":[{"href":"https:\/\/only-honey.com\/fr\/wp-json\/wp\/v2\/pages\/371","targetHints":{"allow":["GET"]}}],"collection":[{"href":"https:\/\/only-honey.com\/fr\/wp-json\/wp\/v2\/pages"}],"about":[{"href":"https:\/\/only-honey.com\/fr\/wp-json\/wp\/v2\/types\/page"}],"author":[{"embeddable":true,"href":"https:\/\/only-honey.com\/fr\/wp-json\/wp\/v2\/users\/1"}],"replies":[{"embeddable":true,"href":"https:\/\/only-honey.com\/fr\/wp-json\/wp\/v2\/comments?post=371"}],"version-history":[{"count":0,"href":"https:\/\/only-honey.com\/fr\/wp-json\/wp\/v2\/pages\/371\/revisions"}],"wp:attachment":[{"href":"https:\/\/only-honey.com\/fr\/wp-json\/wp\/v2\/media?parent=371"}],"curies":[{"name":"wp","href":"https:\/\/api.w.org\/{rel}","templated":true}]}}