{"id":370,"date":"2025-11-11T11:43:29","date_gmt":"2025-11-11T11:43:29","guid":{"rendered":"https:\/\/only-honey.com\/?page_id=370"},"modified":"2025-11-13T07:31:42","modified_gmt":"2025-11-13T07:31:42","slug":"privacybeleid","status":"publish","type":"page","link":"https:\/\/only-honey.com\/fr\/privacybeleid\/","title":{"rendered":"La vie priv\u00e9e"},"content":{"rendered":"<div data-elementor-type=\"wp-page\" data-elementor-id=\"370\" class=\"elementor elementor-370\" data-elementor-post-type=\"page\">\n\t\t\t\t<div class=\"elementor-element elementor-element-8f53d86 e-flex e-con-boxed e-con e-parent\" data-id=\"8f53d86\" data-element_type=\"container\" data-e-type=\"container\">\n\t\t\t\t\t<div class=\"e-con-inner\">\n\t\t\t\t<div class=\"elementor-element elementor-element-6609470 elementor-widget elementor-widget-woocommerce-breadcrumb\" data-id=\"6609470\" data-element_type=\"widget\" data-e-type=\"widget\" data-widget_type=\"woocommerce-breadcrumb.default\">\n\t\t\t\t\t<nav class=\"woocommerce-breadcrumb\" aria-label=\"chapelure\">Page d'accueil<\/nav>\t\t\t\t<\/div>\n\t\t\t\t\t<\/div>\n\t\t\t\t<\/div>\n\t\t<div class=\"elementor-element elementor-element-13fc4a5 e-flex e-con-boxed e-con e-parent\" data-id=\"13fc4a5\" data-element_type=\"container\" data-e-type=\"container\">\n\t\t\t\t\t<div class=\"e-con-inner\">\n\t\t\t\t<div class=\"elementor-element elementor-element-a5bee6e elementor-widget elementor-widget-heading\" data-id=\"a5bee6e\" data-element_type=\"widget\" data-e-type=\"widget\" data-widget_type=\"heading.default\">\n\t\t\t\t\t<h2 class=\"elementor-heading-title elementor-size-default\">La vie priv\u00e9e<\/h2>\t\t\t\t<\/div>\n\t\t\t\t<div class=\"elementor-element elementor-element-00fad80 elementor-widget elementor-widget-text-editor\" data-id=\"00fad80\" data-element_type=\"widget\" data-e-type=\"widget\" data-widget_type=\"text-editor.default\">\n\t\t\t\t\t\t\t\t\t<p data-start=\"229\" data-end=\"436\">Abeille <strong data-start=\"233\" data-end=\"247\">Seulement Miel<\/strong> Nous attachons une grande importance \u00e0 la protection de vos donn\u00e9es personnelles. Dans la pr\u00e9sente politique de confidentialit\u00e9, nous expliquons quelles donn\u00e9es nous collectons, comment nous les utilisons et quels sont vos droits.<\/p><h4 data-start=\"443\" data-end=\"474\"><strong data-start=\"448\" data-end=\"474\">1. Donn\u00e9es collect\u00e9es<\/strong><\/h4><p data-start=\"475\" data-end=\"613\">Nous ne collectons que les donn\u00e9es n\u00e9cessaires au traitement des commandes et \u00e0 l'am\u00e9lioration de nos services. Cela comprend\u00a0:<\/p><ul data-start=\"614\" data-end=\"767\"><li data-start=\"614\" data-end=\"639\"><p data-start=\"616\" data-end=\"639\">Nom et adresse<\/p><\/li><li data-start=\"640\" data-end=\"673\"><p data-start=\"642\" data-end=\"673\">Adresse e-mail et num\u00e9ro de t\u00e9l\u00e9phone<\/p><\/li><li data-start=\"674\" data-end=\"694\"><p data-start=\"676\" data-end=\"694\">Informations de paiement<\/p><\/li><li data-start=\"695\" data-end=\"725\"><p data-start=\"697\" data-end=\"725\">D\u00e9tails de la commande et de l'exp\u00e9dition<\/p><\/li><li data-start=\"726\" data-end=\"767\"><p data-start=\"728\" data-end=\"767\">Adresse IP et comportement sur le site web (via les cookies)<\/p><\/li><\/ul><h4 data-start=\"774\" data-end=\"806\"><strong data-start=\"779\" data-end=\"806\">2. Utilisation des donn\u00e9es<\/strong><\/h4><p data-start=\"807\" data-end=\"867\">Vos donn\u00e9es sont utilis\u00e9es aux fins suivantes\u00a0:<\/p><ul data-start=\"868\" data-end=\"1111\"><li data-start=\"868\" data-end=\"915\"><p data-start=\"870\" data-end=\"915\">Traitement et exp\u00e9dition des commandes<\/p><\/li><li data-start=\"916\" data-end=\"950\"><p data-start=\"918\" data-end=\"950\">Service client et communication<\/p><\/li><li data-start=\"951\" data-end=\"998\"><p data-start=\"953\" data-end=\"998\">Am\u00e9lioration de notre site web et de nos services<\/p><\/li><li data-start=\"999\" data-end=\"1052\"><p data-start=\"1001\" data-end=\"1052\">\u00c0 des fins de marketing (uniquement avec votre consentement)<\/p><\/li><li data-start=\"1053\" data-end=\"1111\"><p data-start=\"1055\" data-end=\"1111\">Obligations l\u00e9gales (telles que l'administration fiscale)<\/p><\/li><\/ul><h4 data-start=\"1118\" data-end=\"1143\"><strong data-start=\"1123\" data-end=\"1143\">3. P\u00e9riode de r\u00e9tention<\/strong><\/h4><p data-start=\"1144\" data-end=\"1302\">Nous ne conservons pas vos donn\u00e9es personnelles plus longtemps que n\u00e9cessaire aux fins pour lesquelles elles ont \u00e9t\u00e9 collect\u00e9es, sauf si la loi exige une p\u00e9riode de conservation plus longue.<\/p><h4 data-start=\"1309\" data-end=\"1337\"><strong data-start=\"1314\" data-end=\"1337\">4. Partage avec des tiers<\/strong><\/h4><p data-start=\"1338\" data-end=\"1447\">Nous ne partageons vos donn\u00e9es qu'avec les tiers n\u00e9cessaires \u00e0 la r\u00e9alisation de nos services, tels que\u00a0:<\/p><ul data-start=\"1448\" data-end=\"1585\"><li data-start=\"1448\" data-end=\"1490\"><p data-start=\"1450\" data-end=\"1490\">Prestataires de paiement (par exemple Mollie, PayPal)<\/p><\/li><li data-start=\"1491\" data-end=\"1529\"><p data-start=\"1493\" data-end=\"1529\">Services de livraison (par exemple PostNL, DHL)<\/p><\/li><li data-start=\"1530\" data-end=\"1585\"><p data-start=\"1532\" data-end=\"1585\">Outils d'h\u00e9bergement web et d'analyse (par exemple, Google Analytics)<\/p><\/li><\/ul><p data-start=\"1587\" data-end=\"1670\">Nous avons conclu des accords de traitement des donn\u00e9es avec tous nos partenaires afin de garantir la protection de votre vie priv\u00e9e.<\/p><h4 data-start=\"1677\" data-end=\"1696\"><strong data-start=\"1682\" data-end=\"1696\">5. Cookies<\/strong><\/h4><p data-start=\"1697\" data-end=\"1856\">Notre site web utilise des cookies pour am\u00e9liorer votre exp\u00e9rience utilisateur. Vous pouvez modifier vos pr\u00e9f\u00e9rences en mati\u00e8re de cookies \u00e0 tout moment via les param\u00e8tres de votre navigateur.<\/p><h4 data-start=\"1863\" data-end=\"1887\"><strong data-start=\"1868\" data-end=\"1887\">6. Vos droits<\/strong><\/h4><p data-start=\"1888\" data-end=\"1907\">Vous avez droit \u00e0\u00a0:<\/p><ul data-start=\"1908\" data-end=\"2069\"><li data-start=\"1908\" data-end=\"1933\"><p data-start=\"1910\" data-end=\"1933\">Acc\u00e8s \u00e0 vos donn\u00e9es<\/p><\/li><li data-start=\"1934\" data-end=\"1963\"><p data-start=\"1936\" data-end=\"1963\">Correction ou suppression<\/p><\/li><li data-start=\"1964\" data-end=\"1992\"><p data-start=\"1966\" data-end=\"1992\">Restriction du traitement<\/p><\/li><li data-start=\"1993\" data-end=\"2034\"><p data-start=\"1995\" data-end=\"2034\">Opposition \u00e0 l'utilisation de vos donn\u00e9es<\/p><\/li><li data-start=\"2035\" data-end=\"2069\"><p data-start=\"2037\" data-end=\"2069\">portabilit\u00e9 des donn\u00e9es<\/p><\/li><\/ul><p data-start=\"2071\" data-end=\"2170\">Souhaitez-vous exercer l'un de ces droits\u00a0? Veuillez alors envoyer un courriel \u00e0 <strong data-start=\"2143\" data-end=\"2169\"><a class=\"decorated-link cursor-pointer\" rel=\"noopener\" data-start=\"2145\" data-end=\"2167\">confidentialit\u00e9@only-honey.com<\/a><\/strong>.<\/p><h4 data-start=\"2177\" data-end=\"2200\"><strong data-start=\"2182\" data-end=\"2200\">7. S\u00e9curit\u00e9<\/strong><\/h4><p data-start=\"2201\" data-end=\"2343\">Nous prenons les mesures techniques et organisationnelles appropri\u00e9es pour prot\u00e9ger vos donn\u00e9es contre la perte, l'utilisation abusive ou l'acc\u00e8s non autoris\u00e9.<\/p><h4 data-start=\"2350\" data-end=\"2369\"><strong data-start=\"2355\" data-end=\"2369\">8. Contact<\/strong><\/h4><p data-start=\"2370\" data-end=\"2514\">Pour toute question concernant notre politique de confidentialit\u00e9, vous pouvez nous contacter via\u00a0:<br data-start=\"2432\" data-end=\"2435\" \/>\ud83d\udce7 <strong data-start=\"2438\" data-end=\"2464\"><a class=\"decorated-link cursor-pointer\" rel=\"noopener\" data-start=\"2440\" data-end=\"2462\">confidentialit\u00e9@only-honey.com<\/a><\/strong><br data-start=\"2464\" data-end=\"2467\" \/>\ud83c\udf10 <a class=\"decorated-link\" href=\"https:\/\/only-honey.com\/fr\/\" target=\"_new\" rel=\"noopener\" data-start=\"2470\" data-end=\"2514\">www.only-honey.com<\/a><\/p>\t\t\t\t\t\t\t\t<\/div>\n\t\t\t\t\t<\/div>\n\t\t\t\t<\/div>\n\t\t\t\t<\/div>","protected":false},"excerpt":{"rendered":"<p>Bij Only Honey hechten wij veel waarde aan de bescherming van jouw persoonlijke gegevens. In dit privacybeleid leggen wij uit welke gegevens we verzamelen, hoe we deze gebruiken en welke rechten je hebt. 1. Verzamelde gegevens Wij verzamelen alleen gegevens die nodig zijn voor het verwerken van bestellingen en het verbeteren van onze dienstverlening. Dit [&hellip;]<\/p>\n","protected":false},"author":1,"featured_media":0,"parent":0,"menu_order":0,"comment_status":"closed","ping_status":"closed","template":"elementor_header_footer","meta":{"footnotes":""},"class_list":["post-370","page","type-page","status-publish","hentry"],"_links":{"self":[{"href":"https:\/\/only-honey.com\/fr\/wp-json\/wp\/v2\/pages\/370","targetHints":{"allow":["GET"]}}],"collection":[{"href":"https:\/\/only-honey.com\/fr\/wp-json\/wp\/v2\/pages"}],"about":[{"href":"https:\/\/only-honey.com\/fr\/wp-json\/wp\/v2\/types\/page"}],"author":[{"embeddable":true,"href":"https:\/\/only-honey.com\/fr\/wp-json\/wp\/v2\/users\/1"}],"replies":[{"embeddable":true,"href":"https:\/\/only-honey.com\/fr\/wp-json\/wp\/v2\/comments?post=370"}],"version-history":[{"count":0,"href":"https:\/\/only-honey.com\/fr\/wp-json\/wp\/v2\/pages\/370\/revisions"}],"wp:attachment":[{"href":"https:\/\/only-honey.com\/fr\/wp-json\/wp\/v2\/media?parent=370"}],"curies":[{"name":"wp","href":"https:\/\/api.w.org\/{rel}","templated":true}]}}