{"id":369,"date":"2025-11-11T11:43:25","date_gmt":"2025-11-11T11:43:25","guid":{"rendered":"https:\/\/only-honey.com\/?page_id=369"},"modified":"2025-11-13T07:39:03","modified_gmt":"2025-11-13T07:39:03","slug":"duurzaamheid","status":"publish","type":"page","link":"https:\/\/only-honey.com\/fr\/duurzaamheid\/","title":{"rendered":"La durabilit\u00e9"},"content":{"rendered":"<div data-elementor-type=\"wp-page\" data-elementor-id=\"369\" class=\"elementor elementor-369\" data-elementor-post-type=\"page\">\n\t\t\t\t<div class=\"elementor-element elementor-element-c83fd21 e-flex e-con-boxed e-con e-parent\" data-id=\"c83fd21\" data-element_type=\"container\" data-e-type=\"container\">\n\t\t\t\t\t<div class=\"e-con-inner\">\n\t\t\t\t<div class=\"elementor-element elementor-element-e2adf46 elementor-widget elementor-widget-woocommerce-breadcrumb\" data-id=\"e2adf46\" data-element_type=\"widget\" data-e-type=\"widget\" data-widget_type=\"woocommerce-breadcrumb.default\">\n\t\t\t\t\t<nav class=\"woocommerce-breadcrumb\" aria-label=\"chapelure\">Page d'accueil<\/nav>\t\t\t\t<\/div>\n\t\t\t\t\t<\/div>\n\t\t\t\t<\/div>\n\t\t<div class=\"elementor-element elementor-element-a33d38a e-flex e-con-boxed e-con e-parent\" data-id=\"a33d38a\" data-element_type=\"container\" data-e-type=\"container\">\n\t\t\t\t\t<div class=\"e-con-inner\">\n\t\t\t\t<div class=\"elementor-element elementor-element-b005842 elementor-widget elementor-widget-heading\" data-id=\"b005842\" data-element_type=\"widget\" data-e-type=\"widget\" data-widget_type=\"heading.default\">\n\t\t\t\t\t<h2 class=\"elementor-heading-title elementor-size-default\">La durabilit\u00e9<\/h2>\t\t\t\t<\/div>\n\t\t\t\t<div class=\"elementor-element elementor-element-4bdaa0b elementor-widget elementor-widget-text-editor\" data-id=\"4bdaa0b\" data-element_type=\"widget\" data-e-type=\"widget\" data-widget_type=\"text-editor.default\">\n\t\t\t\t\t\t\t\t\t<p data-start=\"269\" data-end=\"517\">Chez Only Honey, nous pensons que la v\u00e9ritable qualit\u00e9 ne doit pas se faire au d\u00e9triment de la nature. <strong data-start=\"354\" data-end=\"370\">La durabilit\u00e9<\/strong> Elle est au c\u0153ur de tout ce que nous faisons \u2013 de la fa\u00e7on dont notre miel est produit aux choix que nous faisons en mati\u00e8re d'emballage et de transport.<\/p><p data-start=\"519\" data-end=\"878\">Notre miel provient d'apiculteurs qui travaillent avec <strong data-start=\"562\" data-end=\"602\">respect des abeilles et de la biodiversit\u00e9<\/strong>Ils utilisent des m\u00e9thodes naturelles, sans produits chimiques ni additifs artificiels. En collaborant avec ces apiculteurs, nous soutenons la sant\u00e9 des populations d'abeilles et contribuons \u00e0 la pr\u00e9servation d'\u00e9cosyst\u00e8mes essentiels \u00e0 notre plan\u00e8te.<\/p><p data-start=\"880\" data-end=\"1093\">Dans nos activit\u00e9s commerciales \u00e9galement, nous nous effor\u00e7ons d'atteindre un <strong data-start=\"928\" data-end=\"961\">faible empreinte \u00e9cologique<\/strong>Nous choisissons des emballages recyclables, r\u00e9duisons l'utilisation du plastique et optimisons notre logistique afin de limiter les \u00e9missions de CO\u2082.<\/p><p data-start=\"1095\" data-end=\"1317\">Chaque pot de miel Only Honey est donc non seulement un gage de puret\u00e9 gustative, mais aussi de choix responsables. En nous choisissant, vous contribuez \u00e0 un avenir o\u00f9 l'humain et la nature vivent en harmonie, une cuill\u00e8re de miel \u00e0 la fois.<\/p>\t\t\t\t\t\t\t\t<\/div>\n\t\t\t\t\t<\/div>\n\t\t\t\t<\/div>\n\t\t\t\t<\/div>","protected":false},"excerpt":{"rendered":"<p>Bij Only Honey geloven we dat echte kwaliteit niet ten koste mag gaan van de natuur. Duurzaamheid staat centraal in alles wat we doen \u2013 van de manier waarop onze honing wordt geproduceerd tot de keuzes die we maken in verpakking en transport. Onze honing komt van imkers die werken met respect voor bijen en [&hellip;]<\/p>\n","protected":false},"author":1,"featured_media":0,"parent":0,"menu_order":0,"comment_status":"closed","ping_status":"closed","template":"elementor_header_footer","meta":{"footnotes":""},"class_list":["post-369","page","type-page","status-publish","hentry"],"_links":{"self":[{"href":"https:\/\/only-honey.com\/fr\/wp-json\/wp\/v2\/pages\/369","targetHints":{"allow":["GET"]}}],"collection":[{"href":"https:\/\/only-honey.com\/fr\/wp-json\/wp\/v2\/pages"}],"about":[{"href":"https:\/\/only-honey.com\/fr\/wp-json\/wp\/v2\/types\/page"}],"author":[{"embeddable":true,"href":"https:\/\/only-honey.com\/fr\/wp-json\/wp\/v2\/users\/1"}],"replies":[{"embeddable":true,"href":"https:\/\/only-honey.com\/fr\/wp-json\/wp\/v2\/comments?post=369"}],"version-history":[{"count":0,"href":"https:\/\/only-honey.com\/fr\/wp-json\/wp\/v2\/pages\/369\/revisions"}],"wp:attachment":[{"href":"https:\/\/only-honey.com\/fr\/wp-json\/wp\/v2\/media?parent=369"}],"curies":[{"name":"wp","href":"https:\/\/api.w.org\/{rel}","templated":true}]}}