{"id":368,"date":"2025-11-11T11:43:22","date_gmt":"2025-11-11T11:43:22","guid":{"rendered":"https:\/\/only-honey.com\/?page_id=368"},"modified":"2025-11-13T07:38:12","modified_gmt":"2025-11-13T07:38:12","slug":"missie-visie","status":"publish","type":"page","link":"https:\/\/only-honey.com\/fr\/missie-visie\/","title":{"rendered":"Mission et vision"},"content":{"rendered":"<div data-elementor-type=\"wp-page\" data-elementor-id=\"368\" class=\"elementor elementor-368\" data-elementor-post-type=\"page\">\n\t\t\t\t<div class=\"elementor-element elementor-element-d6d59f8 e-flex e-con-boxed e-con e-parent\" data-id=\"d6d59f8\" data-element_type=\"container\" data-e-type=\"container\">\n\t\t\t\t\t<div class=\"e-con-inner\">\n\t\t\t\t<div class=\"elementor-element elementor-element-82ab2b4 elementor-widget elementor-widget-woocommerce-breadcrumb\" data-id=\"82ab2b4\" data-element_type=\"widget\" data-e-type=\"widget\" data-widget_type=\"woocommerce-breadcrumb.default\">\n\t\t\t\t\t<nav class=\"woocommerce-breadcrumb\" aria-label=\"chapelure\">Page d'accueil<\/nav>\t\t\t\t<\/div>\n\t\t\t\t\t<\/div>\n\t\t\t\t<\/div>\n\t\t<div class=\"elementor-element elementor-element-6c10ef8 e-flex e-con-boxed e-con e-parent\" data-id=\"6c10ef8\" data-element_type=\"container\" data-e-type=\"container\">\n\t\t\t\t\t<div class=\"e-con-inner\">\n\t\t\t\t<div class=\"elementor-element elementor-element-4e94d1e elementor-widget elementor-widget-heading\" data-id=\"4e94d1e\" data-element_type=\"widget\" data-e-type=\"widget\" data-widget_type=\"heading.default\">\n\t\t\t\t\t<h2 class=\"elementor-heading-title elementor-size-default\">Mission et vision<\/h2>\t\t\t\t<\/div>\n\t\t\t\t<div class=\"elementor-element elementor-element-9c29cb7 elementor-widget elementor-widget-text-editor\" data-id=\"9c29cb7\" data-element_type=\"widget\" data-e-type=\"widget\" data-widget_type=\"text-editor.default\">\n\t\t\t\t\t\t\t\t\t<p data-start=\"252\" data-end=\"708\"><strong data-start=\"252\" data-end=\"267\">Notre mission<\/strong><br data-start=\"267\" data-end=\"270\" \/>Chez Only Honey, nous nous effor\u00e7ons de reconnecter les gens \u00e0 la puret\u00e9 de la nature. Notre mission est de <strong data-start=\"375\" data-end=\"402\">Miel 100% naturel<\/strong> Nous proposons des produits issus du respect des abeilles, des apiculteurs et de l'environnement. Nous sommes convaincus que la v\u00e9ritable qualit\u00e9 r\u00e9side dans le soin apport\u00e9 aux moindres d\u00e9tails, de la fleur \u00e0 l'abeille, de l'abeille au pot.<br data-start=\"593\" data-end=\"596\" \/>Chaque goutte de miel que nous proposons est le fruit d'un travail honn\u00eate, d'un savoir-faire artisanal et d'une passion pour notre m\u00e9tier.<\/p><p data-start=\"710\" data-end=\"1166\"><strong data-start=\"710\" data-end=\"724\">Notre vision<\/strong><br data-start=\"724\" data-end=\"727\" \/>Nous r\u00eavons d'un monde dans lequel <strong data-start=\"760\" data-end=\"783\">apiculture durable<\/strong> C'est la norme, et les consommateurs savent ainsi d'o\u00f9 proviennent leurs aliments. Only Honey souhaite cr\u00e9er un lien entre les consommateurs soucieux de l'environnement et les apiculteurs locaux, afin que les produits naturels retrouvent la place qu'ils m\u00e9ritent.<br data-start=\"997\" data-end=\"1000\" \/>En partageant nos connaissances et en travaillant de mani\u00e8re transparente, nous voulons contribuer \u00e0 un avenir o\u00f9 les humains et la nature vivent en \u00e9quilibre \u2013 les abeilles \u00e9tant au c\u0153ur de cet \u00e9quilibre.<\/p><p data-start=\"1168\" data-end=\"1456\"><strong data-start=\"1168\" data-end=\"1183\">Valeurs fondamentales<\/strong><br data-start=\"1183\" data-end=\"1186\" \/>\ud83c\udf3f <strong data-start=\"1189\" data-end=\"1202\">Puret\u00e9:<\/strong> Ni ajouts, ni compromis.<br data-start=\"1240\" data-end=\"1243\" \/>\ud83d\udc1d <strong data-start=\"1246\" data-end=\"1263\">Durabilit\u00e9:<\/strong> Protection des abeilles et de leur habitat.<br data-start=\"1306\" data-end=\"1309\" \/>\ud83e\udd1d <strong data-start=\"1312\" data-end=\"1328\" data-is-only-node=\"\">Honn\u00eatet\u00e9:<\/strong> Origine transparente et coop\u00e9ration avec les apiculteurs locaux.<br data-start=\"1385\" data-end=\"1388\" \/>\ud83d\udc9b <strong data-start=\"1391\" data-end=\"1402\">Passion:<\/strong> L'amour de la nature, le go\u00fbt et le savoir-faire dans chaque pot.<\/p>\t\t\t\t\t\t\t\t<\/div>\n\t\t\t\t\t<\/div>\n\t\t\t\t<\/div>\n\t\t\t\t<\/div>","protected":false},"excerpt":{"rendered":"<p>Onze MissieBij Only Honey streven we ernaar om mensen te verbinden met de puurheid van de natuur. Onze missie is om 100% natuurlijke honing te leveren die met respect voor bijen, imkers en het milieu wordt geproduceerd. Wij geloven dat echte kwaliteit begint bij zorg voor de kleinste details \u2013 van bloem tot bij, van [&hellip;]<\/p>\n","protected":false},"author":1,"featured_media":0,"parent":0,"menu_order":0,"comment_status":"closed","ping_status":"closed","template":"elementor_header_footer","meta":{"footnotes":""},"class_list":["post-368","page","type-page","status-publish","hentry"],"_links":{"self":[{"href":"https:\/\/only-honey.com\/fr\/wp-json\/wp\/v2\/pages\/368","targetHints":{"allow":["GET"]}}],"collection":[{"href":"https:\/\/only-honey.com\/fr\/wp-json\/wp\/v2\/pages"}],"about":[{"href":"https:\/\/only-honey.com\/fr\/wp-json\/wp\/v2\/types\/page"}],"author":[{"embeddable":true,"href":"https:\/\/only-honey.com\/fr\/wp-json\/wp\/v2\/users\/1"}],"replies":[{"embeddable":true,"href":"https:\/\/only-honey.com\/fr\/wp-json\/wp\/v2\/comments?post=368"}],"version-history":[{"count":0,"href":"https:\/\/only-honey.com\/fr\/wp-json\/wp\/v2\/pages\/368\/revisions"}],"wp:attachment":[{"href":"https:\/\/only-honey.com\/fr\/wp-json\/wp\/v2\/media?parent=368"}],"curies":[{"name":"wp","href":"https:\/\/api.w.org\/{rel}","templated":true}]}}