{"id":376,"date":"2025-11-11T11:43:43","date_gmt":"2025-11-11T11:43:43","guid":{"rendered":"https:\/\/only-honey.com\/?page_id=376"},"modified":"2025-11-13T07:30:09","modified_gmt":"2025-11-13T07:30:09","slug":"retourbeleid","status":"publish","type":"page","link":"https:\/\/only-honey.com\/de\/retourbeleid\/","title":{"rendered":"R\u00fcckgaberecht"},"content":{"rendered":"<div data-elementor-type=\"wp-page\" data-elementor-id=\"376\" class=\"elementor elementor-376\" data-elementor-post-type=\"page\">\n\t\t\t\t<div class=\"elementor-element elementor-element-e6d00f1 e-flex e-con-boxed e-con e-parent\" data-id=\"e6d00f1\" data-element_type=\"container\" data-e-type=\"container\">\n\t\t\t\t\t<div class=\"e-con-inner\">\n\t\t\t\t<div class=\"elementor-element elementor-element-577f8a5 elementor-widget elementor-widget-woocommerce-breadcrumb\" data-id=\"577f8a5\" data-element_type=\"widget\" data-e-type=\"widget\" data-widget_type=\"woocommerce-breadcrumb.default\">\n\t\t\t\t\t<nav class=\"woocommerce-breadcrumb\" aria-label=\"Brotkrumen\">Heim<\/nav>\t\t\t\t<\/div>\n\t\t\t\t\t<\/div>\n\t\t\t\t<\/div>\n\t\t<div class=\"elementor-element elementor-element-4c21d90 e-flex e-con-boxed e-con e-parent\" data-id=\"4c21d90\" data-element_type=\"container\" data-e-type=\"container\">\n\t\t\t\t\t<div class=\"e-con-inner\">\n\t\t\t\t<div class=\"elementor-element elementor-element-a449be9 elementor-widget elementor-widget-heading\" data-id=\"a449be9\" data-element_type=\"widget\" data-e-type=\"widget\" data-widget_type=\"heading.default\">\n\t\t\t\t\t<h2 class=\"elementor-heading-title elementor-size-default\">R\u00fcckgaberecht<\/h2>\t\t\t\t<\/div>\n\t\t\t\t<div class=\"elementor-element elementor-element-219024d elementor-widget elementor-widget-text-editor\" data-id=\"219024d\" data-element_type=\"widget\" data-e-type=\"widget\" data-widget_type=\"text-editor.default\">\n\t\t\t\t\t\t\t\t\t<p data-start=\"322\" data-end=\"496\">Wir bei Only Honey legen gr\u00f6\u00dften Wert auf die Qualit\u00e4t unserer Honigprodukte. Sollten Sie dennoch mit Ihrem Kauf nicht vollst\u00e4ndig zufrieden sein, lesen Sie bitte unsere unten stehenden R\u00fcckgabebedingungen.<\/p><p data-start=\"498\" data-end=\"703\"><strong data-start=\"498\" data-end=\"521\">1. Widerrufsrecht<\/strong><br data-start=\"521\" data-end=\"524\" \/>Sie haben das Recht, Ihre Bestellung innerhalb <strong data-start=\"566\" data-end=\"578\">14 Tage<\/strong> Sie k\u00f6nnen die Ware nach Erhalt ohne Angabe von Gr\u00fcnden stornieren. Nach der Stornierung haben Sie weitere 14 Tage Zeit, das Produkt zur\u00fcckzusenden.<\/p><p data-start=\"705\" data-end=\"949\"><strong data-start=\"705\" data-end=\"726\">2. Ausnahmen<\/strong><br data-start=\"726\" data-end=\"729\" \/>Weil Honig ein <strong data-start=\"746\" data-end=\"764\">Essen<\/strong> ge\u00f6ffnete oder besch\u00e4digte Gl\u00e4ser k\u00f6nnen <strong data-start=\"807\" data-end=\"836\">Nicht zur R\u00fcckgabe<\/strong> Aus hygienischen und Sicherheitsgr\u00fcnden k\u00f6nnen nur unge\u00f6ffnete Originalverpackungen zur\u00fcckgegeben werden.<\/p><p data-start=\"951\" data-end=\"975\"><strong data-start=\"951\" data-end=\"973\">3. R\u00fcckgabeverfahren<\/strong><\/p><ul data-start=\"976\" data-end=\"1298\"><li data-start=\"976\" data-end=\"1069\"><p data-start=\"978\" data-end=\"1069\">Senden Sie eine E-Mail an <strong data-start=\"1000\" data-end=\"1026\"><a class=\"decorated-link cursor-pointer\" rel=\"noopener\" data-start=\"1002\" data-end=\"1024\">support@only-honey.com<\/a><\/strong> mit Ihrer Bestellnummer und dem Grund f\u00fcr die R\u00fcckgabe.<\/p><\/li><li data-start=\"1070\" data-end=\"1121\"><p data-start=\"1072\" data-end=\"1121\">Bitte warten Sie auf unsere Best\u00e4tigung und die R\u00fccksendeanweisungen.<\/p><\/li><li data-start=\"1122\" data-end=\"1179\"><p data-start=\"1124\" data-end=\"1179\">Senden Sie das Produkt in der Originalverpackung zur\u00fcck.<\/p><\/li><li data-start=\"1180\" data-end=\"1298\"><p data-start=\"1182\" data-end=\"1298\">Die Versandkosten f\u00fcr R\u00fccksendungen tr\u00e4gt der Kunde, es sei denn, das Produkt ist besch\u00e4digt oder wurde falsch geliefert.<\/p><\/li><\/ul><p data-start=\"1300\" data-end=\"1469\"><strong data-start=\"1300\" data-end=\"1320\">4. R\u00fcckerstattung<\/strong><br data-start=\"1320\" data-end=\"1323\" \/>Nach Erhalt und Pr\u00fcfung des zur\u00fcckgesendeten Produkts wird der Betrag innerhalb von <strong data-start=\"1403\" data-end=\"1418\">5 Werktage<\/strong> Die R\u00fcckerstattung erfolgt \u00fcber die urspr\u00fcngliche Zahlungsmethode.<\/p><p data-start=\"1471\" data-end=\"1571\"><strong data-start=\"1471\" data-end=\"1485\">5. Kontakt<\/strong><br data-start=\"1485\" data-end=\"1488\" \/>Bei Fragen oder Beschwerden k\u00f6nnen Sie sich an folgende Adresse wenden:<br data-start=\"1539\" data-end=\"1542\" \/>\ud83d\udce7 <strong data-start=\"1545\" data-end=\"1571\"><a class=\"decorated-link cursor-pointer\" rel=\"noopener\" data-start=\"1547\" data-end=\"1569\">support@only-honey.com<\/a><\/strong><\/p>\t\t\t\t\t\t\t\t<\/div>\n\t\t\t\t\t<\/div>\n\t\t\t\t<\/div>\n\t\t\t\t<\/div>","protected":false},"excerpt":{"rendered":"<p>Bij Only Honey streven we naar de hoogste kwaliteit van onze honingproducten. Mocht je echter niet helemaal tevreden zijn met je aankoop, lees dan hieronder ons retourbeleid. 1. HerroepingsrechtJe hebt het recht om je bestelling binnen 14 dagen na ontvangst te annuleren, zonder opgave van reden. Na annulering heb je nogmaals 14 dagen om het [&hellip;]<\/p>\n","protected":false},"author":1,"featured_media":0,"parent":0,"menu_order":0,"comment_status":"closed","ping_status":"closed","template":"elementor_header_footer","meta":{"footnotes":""},"class_list":["post-376","page","type-page","status-publish","hentry"],"_links":{"self":[{"href":"https:\/\/only-honey.com\/de\/wp-json\/wp\/v2\/pages\/376","targetHints":{"allow":["GET"]}}],"collection":[{"href":"https:\/\/only-honey.com\/de\/wp-json\/wp\/v2\/pages"}],"about":[{"href":"https:\/\/only-honey.com\/de\/wp-json\/wp\/v2\/types\/page"}],"author":[{"embeddable":true,"href":"https:\/\/only-honey.com\/de\/wp-json\/wp\/v2\/users\/1"}],"replies":[{"embeddable":true,"href":"https:\/\/only-honey.com\/de\/wp-json\/wp\/v2\/comments?post=376"}],"version-history":[{"count":0,"href":"https:\/\/only-honey.com\/de\/wp-json\/wp\/v2\/pages\/376\/revisions"}],"wp:attachment":[{"href":"https:\/\/only-honey.com\/de\/wp-json\/wp\/v2\/media?parent=376"}],"curies":[{"name":"wp","href":"https:\/\/api.w.org\/{rel}","templated":true}]}}