{"id":371,"date":"2025-11-11T11:43:32","date_gmt":"2025-11-11T11:43:32","guid":{"rendered":"https:\/\/only-honey.com\/?page_id=371"},"modified":"2025-11-13T07:40:04","modified_gmt":"2025-11-13T07:40:04","slug":"cookiebeleid","status":"publish","type":"page","link":"https:\/\/only-honey.com\/de\/cookiebeleid\/","title":{"rendered":"Cookie-Richtlinie"},"content":{"rendered":"<div data-elementor-type=\"wp-page\" data-elementor-id=\"371\" class=\"elementor elementor-371\" data-elementor-post-type=\"page\">\n\t\t\t\t<div class=\"elementor-element elementor-element-5613006 e-flex e-con-boxed e-con e-parent\" data-id=\"5613006\" data-element_type=\"container\" data-e-type=\"container\">\n\t\t\t\t\t<div class=\"e-con-inner\">\n\t\t\t\t<div class=\"elementor-element elementor-element-ccc4a53 elementor-widget elementor-widget-woocommerce-breadcrumb\" data-id=\"ccc4a53\" data-element_type=\"widget\" data-e-type=\"widget\" data-widget_type=\"woocommerce-breadcrumb.default\">\n\t\t\t\t\t<nav class=\"woocommerce-breadcrumb\" aria-label=\"Brotkrumen\">Heim<\/nav>\t\t\t\t<\/div>\n\t\t\t\t\t<\/div>\n\t\t\t\t<\/div>\n\t\t<div class=\"elementor-element elementor-element-bd5ea56 e-flex e-con-boxed e-con e-parent\" data-id=\"bd5ea56\" data-element_type=\"container\" data-e-type=\"container\">\n\t\t\t\t\t<div class=\"e-con-inner\">\n\t\t\t\t<div class=\"elementor-element elementor-element-d2f0280 elementor-widget elementor-widget-heading\" data-id=\"d2f0280\" data-element_type=\"widget\" data-e-type=\"widget\" data-widget_type=\"heading.default\">\n\t\t\t\t\t<h2 class=\"elementor-heading-title elementor-size-default\">Cookie-Richtlinie<\/h2>\t\t\t\t<\/div>\n\t\t\t\t<div class=\"elementor-element elementor-element-7278be3 elementor-widget elementor-widget-text-editor\" data-id=\"7278be3\" data-element_type=\"widget\" data-e-type=\"widget\" data-widget_type=\"text-editor.default\">\n\t\t\t\t\t\t\t\t\t<p data-start=\"188\" data-end=\"388\">Biene <strong data-start=\"192\" data-end=\"206\">Nur Honig<\/strong> Wir verwenden Cookies, um Ihr Erlebnis auf unserer Website zu verbessern. In dieser Richtlinie erkl\u00e4ren wir, was Cookies sind, welche Arten wir verwenden und wie Sie Ihre Einstellungen verwalten k\u00f6nnen.<\/p><h4 data-start=\"395\" data-end=\"426\"><strong data-start=\"400\" data-end=\"424\">1. Was sind Cookies?<\/strong><\/h4><p data-start=\"427\" data-end=\"677\">Cookies sind kleine Textdateien, die beim Besuch unserer Website auf Ihrem Ger\u00e4t gespeichert werden. Sie helfen uns, die Website ordnungsgem\u00e4\u00df funktionieren zu lassen, Ihre Pr\u00e4ferenzen zu speichern und Einblicke in die Nutzung unserer Website durch Besucher zu gewinnen.<\/p><h4 data-start=\"684\" data-end=\"729\"><strong data-start=\"689\" data-end=\"729\">2. Arten von Cookies, die wir verwenden<\/strong><\/h4><p data-start=\"731\" data-end=\"953\"><strong data-start=\"731\" data-end=\"759\">a. Notwendige Cookies<\/strong><br data-start=\"759\" data-end=\"762\" \/>Diese Cookies sind f\u00fcr das einwandfreie Funktionieren der Website unerl\u00e4sslich. Sie gew\u00e4hrleisten, dass grundlegende Funktionen wie der Warenkorb, die Checkout-Seite und sichere Verbindungen korrekt funktionieren.<\/p><p data-start=\"955\" data-end=\"1101\"><strong data-start=\"955\" data-end=\"981\">b. Funktionale Cookies<\/strong><br data-start=\"981\" data-end=\"984\" \/>Diese Cookies speichern Ihre Pr\u00e4ferenzen, wie z. B. Spracheinstellungen oder Anmeldestatus, um Ihren Besuch zu vereinfachen.<\/p><p data-start=\"1103\" data-end=\"1331\"><strong data-start=\"1103\" data-end=\"1129\">c. Analyse-Cookies<\/strong><br data-start=\"1129\" data-end=\"1132\" \/>Mithilfe dieser Cookies k\u00f6nnen wir die Nutzung unserer Website \u00fcber Tools wie \u2026 analysieren. <strong data-start=\"1215\" data-end=\"1235\">Google Analytics<\/strong>Auf diese Weise verstehen wir besser, wie Besucher unsere Website nutzen, und k\u00f6nnen das Nutzererlebnis verbessern.<\/p><p data-start=\"1333\" data-end=\"1537\"><strong data-start=\"1333\" data-end=\"1356\">d. Marketing-Cookies<\/strong><br data-start=\"1356\" data-end=\"1359\" \/>Diese Cookies helfen uns, Ihnen relevante Angebote und Werbung sowohl auf unserer Website als auch auf Partnerseiten anzuzeigen. Diese Cookies werden nur mit Ihrer Zustimmung gesetzt.<\/p><h4 data-start=\"1544\" data-end=\"1580\"><strong data-start=\"1549\" data-end=\"1580\">3. Einwilligung zur Verwendung von Cookies<\/strong><\/h4><p data-start=\"1581\" data-end=\"1807\">Bei Ihrem ersten Besuch auf unserer Website erhalten Sie eine <strong data-start=\"1632\" data-end=\"1648\">Cookiebanner<\/strong> Hier k\u00f6nnen Sie ausw\u00e4hlen, welche Cookies Sie akzeptieren oder ablehnen m\u00f6chten. Ihre Einstellungen k\u00f6nnen Sie jederzeit in Ihren Browsereinstellungen \u00e4ndern.<\/p><h4 data-start=\"1814\" data-end=\"1856\"><strong data-start=\"1819\" data-end=\"1856\">4. Cookies verwalten oder l\u00f6schen<\/strong><\/h4><p data-start=\"1857\" data-end=\"2071\">Sie k\u00f6nnen Cookies jederzeit \u00fcber die Einstellungen Ihres Internetbrowsers l\u00f6schen oder blockieren. Bitte beachten Sie, dass einige Bereiche der Website m\u00f6glicherweise nicht ordnungsgem\u00e4\u00df funktionieren, wenn Sie alle Cookies deaktivieren.<\/p><h4 data-start=\"2078\" data-end=\"2097\"><strong data-start=\"2083\" data-end=\"2097\">5. Kontakt<\/strong><\/h4><p data-start=\"2098\" data-end=\"2202\">Haben Sie Fragen zu unserer Cookie-Richtlinie? Kontaktieren Sie uns gerne \u00fcber:<br data-start=\"2170\" data-end=\"2173\" \/>\ud83d\udce7 <strong data-start=\"2176\" data-end=\"2202\"><a class=\"decorated-link cursor-pointer\" rel=\"noopener\" data-start=\"2178\" data-end=\"2200\">privacy@only-honey.com<\/a><\/strong><\/p>\t\t\t\t\t\t\t\t<\/div>\n\t\t\t\t\t<\/div>\n\t\t\t\t<\/div>\n\t\t\t\t<\/div>","protected":false},"excerpt":{"rendered":"<p>Bij Only Honey gebruiken we cookies om jouw ervaring op onze website te verbeteren. In dit beleid leggen we uit wat cookies zijn, welke soorten we gebruiken en hoe je jouw voorkeuren kunt beheren. 1. Wat zijn cookies? Cookies zijn kleine tekstbestanden die op jouw apparaat worden geplaatst wanneer je onze website bezoekt. Ze helpen [&hellip;]<\/p>\n","protected":false},"author":1,"featured_media":0,"parent":0,"menu_order":0,"comment_status":"closed","ping_status":"closed","template":"elementor_header_footer","meta":{"footnotes":""},"class_list":["post-371","page","type-page","status-publish","hentry"],"_links":{"self":[{"href":"https:\/\/only-honey.com\/de\/wp-json\/wp\/v2\/pages\/371","targetHints":{"allow":["GET"]}}],"collection":[{"href":"https:\/\/only-honey.com\/de\/wp-json\/wp\/v2\/pages"}],"about":[{"href":"https:\/\/only-honey.com\/de\/wp-json\/wp\/v2\/types\/page"}],"author":[{"embeddable":true,"href":"https:\/\/only-honey.com\/de\/wp-json\/wp\/v2\/users\/1"}],"replies":[{"embeddable":true,"href":"https:\/\/only-honey.com\/de\/wp-json\/wp\/v2\/comments?post=371"}],"version-history":[{"count":0,"href":"https:\/\/only-honey.com\/de\/wp-json\/wp\/v2\/pages\/371\/revisions"}],"wp:attachment":[{"href":"https:\/\/only-honey.com\/de\/wp-json\/wp\/v2\/media?parent=371"}],"curies":[{"name":"wp","href":"https:\/\/api.w.org\/{rel}","templated":true}]}}