{"id":370,"date":"2025-11-11T11:43:29","date_gmt":"2025-11-11T11:43:29","guid":{"rendered":"https:\/\/only-honey.com\/?page_id=370"},"modified":"2025-11-13T07:31:42","modified_gmt":"2025-11-13T07:31:42","slug":"privacybeleid","status":"publish","type":"page","link":"https:\/\/only-honey.com\/de\/privacybeleid\/","title":{"rendered":"Datenschutzrichtlinie"},"content":{"rendered":"<div data-elementor-type=\"wp-page\" data-elementor-id=\"370\" class=\"elementor elementor-370\" data-elementor-post-type=\"page\">\n\t\t\t\t<div class=\"elementor-element elementor-element-8f53d86 e-flex e-con-boxed e-con e-parent\" data-id=\"8f53d86\" data-element_type=\"container\" data-e-type=\"container\">\n\t\t\t\t\t<div class=\"e-con-inner\">\n\t\t\t\t<div class=\"elementor-element elementor-element-6609470 elementor-widget elementor-widget-woocommerce-breadcrumb\" data-id=\"6609470\" data-element_type=\"widget\" data-e-type=\"widget\" data-widget_type=\"woocommerce-breadcrumb.default\">\n\t\t\t\t\t<nav class=\"woocommerce-breadcrumb\" aria-label=\"Brotkrumen\">Heim<\/nav>\t\t\t\t<\/div>\n\t\t\t\t\t<\/div>\n\t\t\t\t<\/div>\n\t\t<div class=\"elementor-element elementor-element-13fc4a5 e-flex e-con-boxed e-con e-parent\" data-id=\"13fc4a5\" data-element_type=\"container\" data-e-type=\"container\">\n\t\t\t\t\t<div class=\"e-con-inner\">\n\t\t\t\t<div class=\"elementor-element elementor-element-a5bee6e elementor-widget elementor-widget-heading\" data-id=\"a5bee6e\" data-element_type=\"widget\" data-e-type=\"widget\" data-widget_type=\"heading.default\">\n\t\t\t\t\t<h2 class=\"elementor-heading-title elementor-size-default\">Datenschutzrichtlinie<\/h2>\t\t\t\t<\/div>\n\t\t\t\t<div class=\"elementor-element elementor-element-00fad80 elementor-widget elementor-widget-text-editor\" data-id=\"00fad80\" data-element_type=\"widget\" data-e-type=\"widget\" data-widget_type=\"text-editor.default\">\n\t\t\t\t\t\t\t\t\t<p data-start=\"229\" data-end=\"436\">Biene <strong data-start=\"233\" data-end=\"247\">Nur Honig<\/strong> Wir legen gro\u00dfen Wert auf den Schutz Ihrer pers\u00f6nlichen Daten. In dieser Datenschutzerkl\u00e4rung erl\u00e4utern wir, welche Daten wir erheben, wie wir sie verwenden und welche Rechte Sie haben.<\/p><h4 data-start=\"443\" data-end=\"474\"><strong data-start=\"448\" data-end=\"474\">1. Gesammelte Daten<\/strong><\/h4><p data-start=\"475\" data-end=\"613\">Wir erheben nur Daten, die zur Bearbeitung von Bestellungen und zur Verbesserung unserer Dienstleistungen erforderlich sind. Dazu geh\u00f6ren:<\/p><ul data-start=\"614\" data-end=\"767\"><li data-start=\"614\" data-end=\"639\"><p data-start=\"616\" data-end=\"639\">Name und Adressangaben<\/p><\/li><li data-start=\"640\" data-end=\"673\"><p data-start=\"642\" data-end=\"673\">E-Mail-Adresse und Telefonnummer<\/p><\/li><li data-start=\"674\" data-end=\"694\"><p data-start=\"676\" data-end=\"694\">Zahlungsinformationen<\/p><\/li><li data-start=\"695\" data-end=\"725\"><p data-start=\"697\" data-end=\"725\">Bestell- und Versanddetails<\/p><\/li><li data-start=\"726\" data-end=\"767\"><p data-start=\"728\" data-end=\"767\">IP-Adresse und Website-Verhalten (\u00fcber Cookies)<\/p><\/li><\/ul><h4 data-start=\"774\" data-end=\"806\"><strong data-start=\"779\" data-end=\"806\">2. Nutzung der Daten<\/strong><\/h4><p data-start=\"807\" data-end=\"867\">Ihre Daten werden f\u00fcr folgende Zwecke verwendet:<\/p><ul data-start=\"868\" data-end=\"1111\"><li data-start=\"868\" data-end=\"915\"><p data-start=\"870\" data-end=\"915\">Bearbeitung und Versand von Bestellungen<\/p><\/li><li data-start=\"916\" data-end=\"950\"><p data-start=\"918\" data-end=\"950\">Kundenservice und Kommunikation<\/p><\/li><li data-start=\"951\" data-end=\"998\"><p data-start=\"953\" data-end=\"998\">Verbesserung unserer Website und unserer Dienstleistungen<\/p><\/li><li data-start=\"999\" data-end=\"1052\"><p data-start=\"1001\" data-end=\"1052\">Marketingzwecke (nur mit Ihrer Einwilligung)<\/p><\/li><li data-start=\"1053\" data-end=\"1111\"><p data-start=\"1055\" data-end=\"1111\">Rechtliche Verpflichtungen (wie z. B. die Steuerverwaltung)<\/p><\/li><\/ul><h4 data-start=\"1118\" data-end=\"1143\"><strong data-start=\"1123\" data-end=\"1143\">3. Aufbewahrungsfrist<\/strong><\/h4><p data-start=\"1144\" data-end=\"1302\">Wir speichern Ihre personenbezogenen Daten nicht l\u00e4nger als f\u00fcr die Zwecke, f\u00fcr die sie erhoben wurden, erforderlich ist, es sei denn, das Gesetz schreibt eine l\u00e4ngere Aufbewahrungsfrist vor.<\/p><h4 data-start=\"1309\" data-end=\"1337\"><strong data-start=\"1314\" data-end=\"1337\">4. Weitergabe an Dritte<\/strong><\/h4><p data-start=\"1338\" data-end=\"1447\">Wir geben Ihre Daten nur an Dritte weiter, die zur Erbringung unserer Dienstleistungen erforderlich sind, wie zum Beispiel:<\/p><ul data-start=\"1448\" data-end=\"1585\"><li data-start=\"1448\" data-end=\"1490\"><p data-start=\"1450\" data-end=\"1490\">Zahlungsanbieter (z. B. Mollie, PayPal)<\/p><\/li><li data-start=\"1491\" data-end=\"1529\"><p data-start=\"1493\" data-end=\"1529\">Zustelldienste (z. B. PostNL, DHL)<\/p><\/li><li data-start=\"1530\" data-end=\"1585\"><p data-start=\"1532\" data-end=\"1585\">Webhosting- und Analysetools (z. B. Google Analytics)<\/p><\/li><\/ul><p data-start=\"1587\" data-end=\"1670\">Wir haben mit allen Partnern Datenverarbeitungsvereinbarungen abgeschlossen, um Ihre Privatsph\u00e4re zu sch\u00fctzen.<\/p><h4 data-start=\"1677\" data-end=\"1696\"><strong data-start=\"1682\" data-end=\"1696\">5. Cookies<\/strong><\/h4><p data-start=\"1697\" data-end=\"1856\">Unsere Website verwendet Cookies, um die Benutzerfreundlichkeit zu verbessern. Sie k\u00f6nnen Ihre Cookie-Einstellungen jederzeit in Ihren Browsereinstellungen anpassen.<\/p><h4 data-start=\"1863\" data-end=\"1887\"><strong data-start=\"1868\" data-end=\"1887\">6. Ihre Rechte<\/strong><\/h4><p data-start=\"1888\" data-end=\"1907\">Sie haben Anspruch auf:<\/p><ul data-start=\"1908\" data-end=\"2069\"><li data-start=\"1908\" data-end=\"1933\"><p data-start=\"1910\" data-end=\"1933\">Zugriff auf Ihre Daten<\/p><\/li><li data-start=\"1934\" data-end=\"1963\"><p data-start=\"1936\" data-end=\"1963\">Korrektur oder L\u00f6schung<\/p><\/li><li data-start=\"1964\" data-end=\"1992\"><p data-start=\"1966\" data-end=\"1992\">Einschr\u00e4nkung der Verarbeitung<\/p><\/li><li data-start=\"1993\" data-end=\"2034\"><p data-start=\"1995\" data-end=\"2034\">Widerspruch gegen die Verwendung Ihrer Daten<\/p><\/li><li data-start=\"2035\" data-end=\"2069\"><p data-start=\"2037\" data-end=\"2069\">Datenportabilit\u00e4t<\/p><\/li><\/ul><p data-start=\"2071\" data-end=\"2170\">M\u00f6chten Sie eines dieser Rechte aus\u00fcben? Dann senden Sie eine E-Mail an <strong data-start=\"2143\" data-end=\"2169\"><a class=\"decorated-link cursor-pointer\" rel=\"noopener\" data-start=\"2145\" data-end=\"2167\">privacy@only-honey.com<\/a><\/strong>.<\/p><h4 data-start=\"2177\" data-end=\"2200\"><strong data-start=\"2182\" data-end=\"2200\">7. Sicherheit<\/strong><\/h4><p data-start=\"2201\" data-end=\"2343\">Wir ergreifen geeignete technische und organisatorische Ma\u00dfnahmen, um Ihre Daten vor Verlust, Missbrauch oder unberechtigtem Zugriff zu sch\u00fctzen.<\/p><h4 data-start=\"2350\" data-end=\"2369\"><strong data-start=\"2355\" data-end=\"2369\">8. Kontakt<\/strong><\/h4><p data-start=\"2370\" data-end=\"2514\">Bei Fragen zu unserer Datenschutzrichtlinie k\u00f6nnen Sie uns wie folgt kontaktieren:<br data-start=\"2432\" data-end=\"2435\" \/>\ud83d\udce7 <strong data-start=\"2438\" data-end=\"2464\"><a class=\"decorated-link cursor-pointer\" rel=\"noopener\" data-start=\"2440\" data-end=\"2462\">privacy@only-honey.com<\/a><\/strong><br data-start=\"2464\" data-end=\"2467\" \/>\ud83c\udf10 <a class=\"decorated-link\" href=\"https:\/\/only-honey.com\/de\/\" target=\"_new\" rel=\"noopener\" data-start=\"2470\" data-end=\"2514\">www.only-honey.com<\/a><\/p>\t\t\t\t\t\t\t\t<\/div>\n\t\t\t\t\t<\/div>\n\t\t\t\t<\/div>\n\t\t\t\t<\/div>","protected":false},"excerpt":{"rendered":"<p>Bij Only Honey hechten wij veel waarde aan de bescherming van jouw persoonlijke gegevens. In dit privacybeleid leggen wij uit welke gegevens we verzamelen, hoe we deze gebruiken en welke rechten je hebt. 1. Verzamelde gegevens Wij verzamelen alleen gegevens die nodig zijn voor het verwerken van bestellingen en het verbeteren van onze dienstverlening. Dit [&hellip;]<\/p>\n","protected":false},"author":1,"featured_media":0,"parent":0,"menu_order":0,"comment_status":"closed","ping_status":"closed","template":"elementor_header_footer","meta":{"footnotes":""},"class_list":["post-370","page","type-page","status-publish","hentry"],"_links":{"self":[{"href":"https:\/\/only-honey.com\/de\/wp-json\/wp\/v2\/pages\/370","targetHints":{"allow":["GET"]}}],"collection":[{"href":"https:\/\/only-honey.com\/de\/wp-json\/wp\/v2\/pages"}],"about":[{"href":"https:\/\/only-honey.com\/de\/wp-json\/wp\/v2\/types\/page"}],"author":[{"embeddable":true,"href":"https:\/\/only-honey.com\/de\/wp-json\/wp\/v2\/users\/1"}],"replies":[{"embeddable":true,"href":"https:\/\/only-honey.com\/de\/wp-json\/wp\/v2\/comments?post=370"}],"version-history":[{"count":0,"href":"https:\/\/only-honey.com\/de\/wp-json\/wp\/v2\/pages\/370\/revisions"}],"wp:attachment":[{"href":"https:\/\/only-honey.com\/de\/wp-json\/wp\/v2\/media?parent=370"}],"curies":[{"name":"wp","href":"https:\/\/api.w.org\/{rel}","templated":true}]}}