{"id":369,"date":"2025-11-11T11:43:25","date_gmt":"2025-11-11T11:43:25","guid":{"rendered":"https:\/\/only-honey.com\/?page_id=369"},"modified":"2025-11-13T07:39:03","modified_gmt":"2025-11-13T07:39:03","slug":"duurzaamheid","status":"publish","type":"page","link":"https:\/\/only-honey.com\/de\/duurzaamheid\/","title":{"rendered":"Nachhaltigkeit"},"content":{"rendered":"<div data-elementor-type=\"wp-page\" data-elementor-id=\"369\" class=\"elementor elementor-369\" data-elementor-post-type=\"page\">\n\t\t\t\t<div class=\"elementor-element elementor-element-c83fd21 e-flex e-con-boxed e-con e-parent\" data-id=\"c83fd21\" data-element_type=\"container\" data-e-type=\"container\">\n\t\t\t\t\t<div class=\"e-con-inner\">\n\t\t\t\t<div class=\"elementor-element elementor-element-e2adf46 elementor-widget elementor-widget-woocommerce-breadcrumb\" data-id=\"e2adf46\" data-element_type=\"widget\" data-e-type=\"widget\" data-widget_type=\"woocommerce-breadcrumb.default\">\n\t\t\t\t\t<nav class=\"woocommerce-breadcrumb\" aria-label=\"Brotkrumen\">Heim<\/nav>\t\t\t\t<\/div>\n\t\t\t\t\t<\/div>\n\t\t\t\t<\/div>\n\t\t<div class=\"elementor-element elementor-element-a33d38a e-flex e-con-boxed e-con e-parent\" data-id=\"a33d38a\" data-element_type=\"container\" data-e-type=\"container\">\n\t\t\t\t\t<div class=\"e-con-inner\">\n\t\t\t\t<div class=\"elementor-element elementor-element-b005842 elementor-widget elementor-widget-heading\" data-id=\"b005842\" data-element_type=\"widget\" data-e-type=\"widget\" data-widget_type=\"heading.default\">\n\t\t\t\t\t<h2 class=\"elementor-heading-title elementor-size-default\">Nachhaltigkeit<\/h2>\t\t\t\t<\/div>\n\t\t\t\t<div class=\"elementor-element elementor-element-4bdaa0b elementor-widget elementor-widget-text-editor\" data-id=\"4bdaa0b\" data-element_type=\"widget\" data-e-type=\"widget\" data-widget_type=\"text-editor.default\">\n\t\t\t\t\t\t\t\t\t<p data-start=\"269\" data-end=\"517\">Wir bei Only Honey sind der \u00dcberzeugung, dass wahre Qualit\u00e4t nicht auf Kosten der Natur gehen sollte. <strong data-start=\"354\" data-end=\"370\">Nachhaltigkeit<\/strong> ist zentral f\u00fcr alles, was wir tun \u2013 von der Art und Weise, wie unser Honig produziert wird, bis hin zu den Entscheidungen, die wir in Bezug auf Verpackung und Transport treffen.<\/p><p data-start=\"519\" data-end=\"878\">Unser Honig stammt von Imkern, die mit folgenden Partnern zusammenarbeiten: <strong data-start=\"562\" data-end=\"602\">Respekt vor Bienen und Biodiversit\u00e4t<\/strong>Sie wenden nat\u00fcrliche Methoden an, ohne Chemikalien oder k\u00fcnstliche Zusatzstoffe. Durch die Zusammenarbeit mit diesen Imkern unterst\u00fctzen wir eine gesunde Bienenpopulation und tragen zum Erhalt lebenswichtiger \u00d6kosysteme f\u00fcr unseren Planeten bei.<\/p><p data-start=\"880\" data-end=\"1093\">Auch in unseren Gesch\u00e4ftsabl\u00e4ufen streben wir nach einem <strong data-start=\"928\" data-end=\"961\">geringer \u00f6kologischer Fu\u00dfabdruck<\/strong>Wir w\u00e4hlen recycelbare Verpackungen, reduzieren den Plastikverbrauch und optimieren unsere Logistik, um die CO\u2082-Emissionen zu begrenzen.<\/p><p data-start=\"1095\" data-end=\"1317\">Jedes Glas Only Honey steht daher nicht nur f\u00fcr puren Geschmack, sondern auch f\u00fcr bewusste Entscheidungen. Mit Ihrer Wahl tragen Sie zu einer Zukunft bei, in der Mensch und Natur harmonisch zusammenleben \u2013 L\u00f6ffel f\u00fcr L\u00f6ffel.<\/p>\t\t\t\t\t\t\t\t<\/div>\n\t\t\t\t\t<\/div>\n\t\t\t\t<\/div>\n\t\t\t\t<\/div>","protected":false},"excerpt":{"rendered":"<p>Bij Only Honey geloven we dat echte kwaliteit niet ten koste mag gaan van de natuur. Duurzaamheid staat centraal in alles wat we doen \u2013 van de manier waarop onze honing wordt geproduceerd tot de keuzes die we maken in verpakking en transport. Onze honing komt van imkers die werken met respect voor bijen en [&hellip;]<\/p>\n","protected":false},"author":1,"featured_media":0,"parent":0,"menu_order":0,"comment_status":"closed","ping_status":"closed","template":"elementor_header_footer","meta":{"footnotes":""},"class_list":["post-369","page","type-page","status-publish","hentry"],"_links":{"self":[{"href":"https:\/\/only-honey.com\/de\/wp-json\/wp\/v2\/pages\/369","targetHints":{"allow":["GET"]}}],"collection":[{"href":"https:\/\/only-honey.com\/de\/wp-json\/wp\/v2\/pages"}],"about":[{"href":"https:\/\/only-honey.com\/de\/wp-json\/wp\/v2\/types\/page"}],"author":[{"embeddable":true,"href":"https:\/\/only-honey.com\/de\/wp-json\/wp\/v2\/users\/1"}],"replies":[{"embeddable":true,"href":"https:\/\/only-honey.com\/de\/wp-json\/wp\/v2\/comments?post=369"}],"version-history":[{"count":0,"href":"https:\/\/only-honey.com\/de\/wp-json\/wp\/v2\/pages\/369\/revisions"}],"wp:attachment":[{"href":"https:\/\/only-honey.com\/de\/wp-json\/wp\/v2\/media?parent=369"}],"curies":[{"name":"wp","href":"https:\/\/api.w.org\/{rel}","templated":true}]}}